{"id":37,"date":"2022-10-05T23:22:02","date_gmt":"2022-10-05T21:22:02","guid":{"rendered":"https:\/\/aebmotors.aeb-developpement.com\/?post_type=product&#038;p=37"},"modified":"2025-01-26T22:19:09","modified_gmt":"2025-01-26T21:19:09","slug":"mxe-250","status":"publish","type":"product","link":"https:\/\/aebmotors.aeb-developpement.com\/index.php\/produit\/mxe-250\/","title":{"rendered":"MXE 250"},"content":{"rendered":"<p>Le moteur 2 temps le plus abordable et le plus performant de sa cat\u00e9gorie ! Des performances simples et fiables. \u00c9quip\u00e9es d&rsquo;une boite \u00e0 six vitesses et d&rsquo;un d\u00e9marreur \u00e9lectrique .<\/p>\n<p>Les ouvertures des valves d&rsquo;\u00e9chappement sont contr\u00f4l\u00e9es par le cdi pour une r\u00e9ponse optimale et une puissance sur toute la plage de r\u00e9gime.<\/p>\n<p>aucune moto du march\u00e9 n&rsquo;offre ce niveau de qualit\u00e9\/prix !<\/p>\n<p>&nbsp;<\/p>\n<ul>\n<li>Boitier racing ( inclus en pr\u00e8s commande offre de lancement)<\/li>\n<li>\u00c9chappement de performance Stage 3, renforc\u00e9 ou \u00e9chappements racing en option<\/li>\n<li>Boucle arri\u00e8re en aluminum ( plus l\u00e9ger)<\/li>\n<li>Bo\u00eete \u00e0 air etudi\u00e9 pour une meilleure circulation de l&rsquo;air et un bruit particulier<\/li>\n<li>Carburateur 38mm type TMX<\/li>\n<li>Phare LED<\/li>\n<li>Moteur \u00e0 deux temps de 250 cm3 avec d\u00e9marrage \u00e9lectrique<\/li>\n<li>Transmission \u00e0 six rapports<\/li>\n<li>T\u00e9 de fourche, moyeux et biellette d&rsquo;amortisseur usin\u00e9<\/li>\n<li>Trip \/ Compteur de vitesse<\/li>\n<li>Cadre leger et poids de 108kg<\/li>\n<li>Protections de cadre de serie<\/li>\n<li>Nouvelles roues Enduro X Series l\u00e9g\u00e8res en aluminium renforc\u00e9 serie 7000<\/li>\n<li>Rebond, r\u00e9glage de la compression suspension avant et arri\u00e8re<\/li>\n<li>Kit phare et feu arri\u00e8re<\/li>\n<\/ul>\n<p><span style=\"color: #ff6600;\"><span style=\"font-size: x-large;\">Toutes les motos MXE b\u00e9n\u00e9ficient d&rsquo;une double fixation de la chape d&rsquo;amortisseur arri\u00e8re pour abaisser la hauteur de la selle de 40 mm\u00a0 <\/span><strong><span style=\"font-size: x-large;\">de 923 mm \u00e0 883 mm.<\/span><br \/>\n<span style=\"font-size: large;\">C&rsquo;est la moto de tout terrain la plus basse du march\u00e9 cela permet de s&rsquo;adapter au plus grand nombre d&rsquo;utilisateur,<\/span><\/strong>\u00a0<strong>En utilisant le trou de r\u00e9glage de la chape d&rsquo;amortisseur arri\u00e8re d&rsquo;origine, vous pouvez abaisser la hauteur de la selle de 923 mm \u00e0 883 mm sans frais. Cet ajustement ne fait aucune diff\u00e9rence sur la g\u00e9om\u00e9trie de la tringlerie de suspension arri\u00e8re.\u00a0<\/strong><\/span><\/p>\n<p>&nbsp;<\/p>\n<table id=\"tablepress-3\" class=\"tablepress tablepress-id-3\" style=\"height: 911px;\" width=\"952\">\n<tbody class=\"row-hover\">\n<tr class=\"row-1 odd\">\n<td class=\"column-1\"><\/td>\n<td class=\"column-2\"><\/td>\n<\/tr>\n<tr class=\"row-2 even\">\n<td class=\"column-1\">MOTO MXE250<\/td>\n<td class=\"column-2\"><\/td>\n<\/tr>\n<tr class=\"row-3 odd\">\n<td class=\"column-1\"><\/td>\n<td class=\"column-2\"><\/td>\n<\/tr>\n<tr class=\"row-4 even\">\n<td class=\"column-1\">MOTEUR<\/td>\n<td class=\"column-2\"><\/td>\n<\/tr>\n<tr class=\"row-5 odd\">\n<td class=\"column-1\">Moteur<\/td>\n<td class=\"column-2\">224cc 2 temps<\/td>\n<\/tr>\n<tr class=\"row-6 even\">\n<td class=\"column-1\">Al\u00e9sage et course<\/td>\n<td class=\"column-2\">Al\u00e9sage de 66,8 mm, course de 64 mm<\/td>\n<\/tr>\n<tr class=\"row-7 odd\">\n<td class=\"column-1\">admission<\/td>\n<td class=\"column-2\">Boite a clapets et carburateur 38mm<\/td>\n<\/tr>\n<tr class=\"row-8 even\">\n<td class=\"column-1\">Allumage<\/td>\n<td class=\"column-2\">CDI<\/td>\n<\/tr>\n<tr class=\"row-9 odd\">\n<td class=\"column-1\">compression<\/td>\n<td class=\"column-2\">6.5:1<\/td>\n<\/tr>\n<tr class=\"row-10 even\">\n<td class=\"column-1\">valve\u00a0d&rsquo;\u00e9chappement<\/td>\n<td class=\"column-2\">Electronique<\/td>\n<\/tr>\n<tr class=\"row-11 odd\">\n<td class=\"column-1\">demarreur<\/td>\n<td class=\"column-2\">D\u00e9marrage \u00e9lectrique 12v avec kick<\/td>\n<\/tr>\n<tr class=\"row-12 even\">\n<td class=\"column-1\">Transmission<\/td>\n<td class=\"column-2\">6 vitesses<\/td>\n<\/tr>\n<tr class=\"row-13 odd\">\n<td class=\"column-1\"><\/td>\n<td class=\"column-2\"><\/td>\n<\/tr>\n<tr class=\"row-14 even\">\n<td class=\"column-1\">CH\u00c2SSIS ET DIMENSIONS<\/td>\n<td class=\"column-2\"><\/td>\n<\/tr>\n<tr class=\"row-15 odd\">\n<td class=\"column-1\">Angle de chasse<\/td>\n<td class=\"column-2\">27.10*<\/td>\n<\/tr>\n<tr class=\"row-16 even\">\n<td class=\"column-1\">Piste<\/td>\n<td class=\"column-2\">110 mm<\/td>\n<\/tr>\n<tr class=\"row-17 odd\">\n<td class=\"column-1\">Empattement<\/td>\n<td class=\"column-2\">1480,82mm<\/td>\n<\/tr>\n<tr class=\"row-18 even\">\n<td class=\"column-1\">Hauteur d&rsquo;assise<\/td>\n<td class=\"column-2\">939,8mm<\/td>\n<\/tr>\n<tr class=\"row-19 odd\">\n<td class=\"column-1\">Poids \u00e0 vide<\/td>\n<td class=\"column-2\">109 KG<\/td>\n<\/tr>\n<tr class=\"row-20 even\">\n<td class=\"column-1\">Cha\u00eene<\/td>\n<td class=\"column-2\">Joints toriques<\/td>\n<\/tr>\n<tr class=\"row-21 odd\">\n<td class=\"column-1\">Capacit\u00e9 de carburant<\/td>\n<td class=\"column-2\">10L<\/td>\n<\/tr>\n<tr class=\"row-22 even\">\n<td class=\"column-1\">Garde au sol<\/td>\n<td class=\"column-2\">330mm<\/td>\n<\/tr>\n<tr class=\"row-23 odd\">\n<td class=\"column-1\">SUSPENSION<\/td>\n<td class=\"column-2\"><\/td>\n<\/tr>\n<tr class=\"row-24 even\">\n<td class=\"column-1\">avant<\/td>\n<td class=\"column-2\">Fourche T\u00e9lescopique, type cartouche, compression et d\u00e9tente r\u00e9glables par molettes, d\u00e9battement de 310mm<\/td>\n<\/tr>\n<tr class=\"row-25 odd\">\n<td class=\"column-1\">Arri\u00e8re<\/td>\n<td class=\"column-2\">amortisseur sur biellettes, pr\u00e9-charge du ressort avec compression et rebond enti\u00e8rement r\u00e9glables, d\u00e9battement de 120mm<\/td>\n<\/tr>\n<tr class=\"row-26 even\">\n<td class=\"column-1\">ROUES ET PNEUS<\/td>\n<td class=\"column-2\"><\/td>\n<\/tr>\n<tr class=\"row-27 odd\">\n<td class=\"column-1\">Pneu avant<\/td>\n<td class=\"column-2\">80\/100X21 ; 110\/70X17 (super motard )<\/td>\n<\/tr>\n<tr class=\"row-28 even\">\n<td class=\"column-1\">Roue avant<\/td>\n<td class=\"column-2\">\u00a021 pouces<\/td>\n<\/tr>\n<tr class=\"row-29 odd\">\n<td class=\"column-1\">Pneu arri\u00e9re<\/td>\n<td class=\"column-2\">100\/90&#215;18 ; 140\/70X17 ( super motard )<\/td>\n<\/tr>\n<tr class=\"row-30 even\">\n<td class=\"column-1\">Roue arri\u00e8re<\/td>\n<td class=\"column-2\">18 pouces<\/td>\n<\/tr>\n<tr class=\"row-31 odd\">\n<td class=\"column-1\"><\/td>\n<td class=\"column-2\"><\/td>\n<\/tr>\n<\/tbody>\n<\/table>\n<table id=\"tablepress-3\" class=\"tablepress tablepress-id-3\" style=\"height: 425px;\" width=\"951\">\n<tbody class=\"row-hover\">\n<tr class=\"row-30 even\">\n<td class=\"column-1\"><\/td>\n<td class=\"column-2\"><\/td>\n<\/tr>\n<tr class=\"row-31 odd\">\n<td class=\"column-1\">FREINS<\/td>\n<td class=\"column-2\"><\/td>\n<\/tr>\n<tr class=\"row-32 even\">\n<td class=\"column-1\">Frein avant<\/td>\n<td class=\"column-2\">Disque hydraulique\u00a0 260 mm avec double piston<\/td>\n<\/tr>\n<tr class=\"row-33 odd\">\n<td class=\"column-1\">Frein arriere<\/td>\n<td class=\"column-2\">Disque hydraulique\u00a0 240 mm avec double piston<\/td>\n<\/tr>\n<tr class=\"row-34 even\">\n<td class=\"column-1\">CARACT\u00c9RISTIQUES SUPPL\u00c9MENTAIRES<\/td>\n<td class=\"column-2\"><\/td>\n<\/tr>\n<tr class=\"row-35 odd\">\n<td class=\"column-1\"><\/td>\n<td class=\"column-2\"><\/td>\n<\/tr>\n<tr class=\"row-36 even\">\n<td class=\"column-1\">T\u00e9 de fourche taille masse<\/td>\n<td class=\"column-2\">Standard<\/td>\n<\/tr>\n<tr class=\"row-37 odd\">\n<td class=\"column-1\">Compteur de vitesse num\u00e9rique<\/td>\n<td class=\"column-2\">Standard<\/td>\n<\/tr>\n<tr class=\"row-38 even\">\n<td class=\"column-1\">Prot\u00e8ge-mains<\/td>\n<td class=\"column-2\">Standard<\/td>\n<\/tr>\n<tr class=\"row-39 odd\">\n<td class=\"column-1\">Plaque phare et Feu Arri\u00e8re<\/td>\n<td class=\"column-2\">Standard avec plaque de course<\/td>\n<\/tr>\n<tr class=\"row-40 even\">\n<td class=\"column-1\">B\u00e9quille<\/td>\n<td class=\"column-2\">Standard<\/td>\n<\/tr>\n<tr class=\"row-41 odd\">\n<td class=\"column-1\">Protection moteur et protections de cadre<\/td>\n<td class=\"column-2\">Standard<\/td>\n<\/tr>\n<tr class=\"row-42 even\">\n<td class=\"column-1\">Guidons renforc\u00e9 7061<\/td>\n<td class=\"column-2\">Standard<\/td>\n<\/tr>\n<tr class=\"row-43 odd\">\n<td class=\"column-1\"><\/td>\n<td class=\"column-2\"><\/td>\n<\/tr>\n<tr class=\"row-44 even\">\n<td class=\"column-1\">Couleurs disponibles<\/td>\n<td class=\"column-2\">Gris<\/td>\n<\/tr>\n<\/tbody>\n<\/table>\n","protected":false},"excerpt":{"rendered":"<p>Le moteur 2 temps le plus abordable et le plus performant de sa cat\u00e9gorie ! Des performances simples et fiables. \u00c9quip\u00e9es d\u2019une boite \u00e0 six vitesses et d\u2019un d\u00e9marreur \u00e9lectrique .<\/p>\n<p>Les ouvertures des valves d\u2019\u00e9chappement sont contr\u00f4l\u00e9es par le cdi pour une r\u00e9ponse optimale et une puissance sur toute la plage de r\u00e9gime.<\/p>\n<p>aucune moto du march\u00e9 n\u2019offre ce niveau de qualit\u00e9 prix !<\/p>\n","protected":false},"featured_media":863,"comment_status":"open","ping_status":"closed","template":"","meta":{"site-sidebar-layout":"default","site-content-layout":"","ast-site-content-layout":"default","site-content-style":"default","site-sidebar-style":"default","ast-global-header-display":"","ast-banner-title-visibility":"","ast-main-header-display":"","ast-hfb-above-header-display":"","ast-hfb-below-header-display":"","ast-hfb-mobile-header-display":"","site-post-title":"","ast-breadcrumbs-content":"","ast-featured-img":"","footer-sml-layout":"","theme-transparent-header-meta":"default","adv-header-id-meta":"","stick-header-meta":"","header-above-stick-meta":"","header-main-stick-meta":"","header-below-stick-meta":"","astra-migrate-meta-layouts":"set","ast-page-background-enabled":"default","ast-page-background-meta":{"desktop":{"background-color":"var(--ast-global-color-4)","background-image":"","background-repeat":"repeat","background-position":"center center","background-size":"auto","background-attachment":"scroll","background-type":"","background-media":"","overlay-type":"","overlay-color":"","overlay-gradient":""},"tablet":{"background-color":"","background-image":"","background-repeat":"repeat","background-position":"center center","background-size":"auto","background-attachment":"scroll","background-type":"","background-media":"","overlay-type":"","overlay-color":"","overlay-gradient":""},"mobile":{"background-color":"","background-image":"","background-repeat":"repeat","background-position":"center center","background-size":"auto","background-attachment":"scroll","background-type":"","background-media":"","overlay-type":"","overlay-color":"","overlay-gradient":""}},"ast-content-background-meta":{"desktop":{"background-color":"var(--ast-global-color-5)","background-image":"","background-repeat":"repeat","background-position":"center center","background-size":"auto","background-attachment":"scroll","background-type":"","background-media":"","overlay-type":"","overlay-color":"","overlay-gradient":""},"tablet":{"background-color":"var(--ast-global-color-5)","background-image":"","background-repeat":"repeat","background-position":"center center","background-size":"auto","background-attachment":"scroll","background-type":"","background-media":"","overlay-type":"","overlay-color":"","overlay-gradient":""},"mobile":{"background-color":"var(--ast-global-color-5)","background-image":"","background-repeat":"repeat","background-position":"center center","background-size":"auto","background-attachment":"scroll","background-type":"","background-media":"","overlay-type":"","overlay-color":"","overlay-gradient":""}},"jetpack_publicize_message":"","jetpack_publicize_feature_enabled":true,"jetpack_social_post_already_shared":false,"jetpack_social_options":{"image_generator_settings":{"template":"highway","enabled":false},"version":2}},"product_brand":[],"product_cat":[15],"product_tag":[],"class_list":{"0":"post-37","1":"product","2":"type-product","3":"status-publish","4":"has-post-thumbnail","6":"product_cat-non-classe","7":"desktop-align-left","8":"tablet-align-left","9":"mobile-align-left","11":"first","12":"instock","13":"taxable","14":"shipping-taxable","15":"purchasable","16":"product-type-simple"},"jetpack_publicize_connections":[],"yoast_head":"<!-- This site is optimized with the Yoast SEO plugin v24.3 - https:\/\/yoast.com\/wordpress\/plugins\/seo\/ -->\n<title>MXE 250 - MXE 250<\/title>\n<meta name=\"robots\" content=\"index, follow, max-snippet:-1, max-image-preview:large, max-video-preview:-1\" \/>\n<link rel=\"canonical\" href=\"https:\/\/aebmotors.aeb-developpement.com\/index.php\/produit\/mxe-250\/\" \/>\n<meta property=\"og:locale\" content=\"fr_FR\" \/>\n<meta property=\"og:type\" content=\"article\" \/>\n<meta property=\"og:title\" content=\"MXE 250 - MXE 250\" \/>\n<meta property=\"og:description\" content=\"Le moteur 2 temps le plus abordable et le plus performant de sa cat\u00e9gorie ! Des performances simples et fiables. \u00c9quip\u00e9es d\u2019une boite \u00e0 six vitesses et d\u2019un d\u00e9marreur \u00e9lectrique .  Les ouvertures des valves d\u2019\u00e9chappement sont contr\u00f4l\u00e9es par le cdi pour une r\u00e9ponse optimale et une puissance sur toute la plage de r\u00e9gime.  aucune moto du march\u00e9 n\u2019offre ce niveau de qualit\u00e9 prix !\" \/>\n<meta property=\"og:url\" content=\"https:\/\/aebmotors.aeb-developpement.com\/index.php\/produit\/mxe-250\/\" \/>\n<meta property=\"og:site_name\" content=\"MXE 250\" \/>\n<meta property=\"article:publisher\" content=\"https:\/\/www.facebook.com\/aebdevelop\/\" \/>\n<meta property=\"article:modified_time\" content=\"2025-01-26T21:19:09+00:00\" \/>\n<meta property=\"og:image\" content=\"https:\/\/aebmotors.aeb-developpement.com\/wp-content\/uploads\/2022\/10\/IMG20221018102059-scaled.jpg\" \/>\n\t<meta property=\"og:image:width\" content=\"2560\" \/>\n\t<meta property=\"og:image:height\" content=\"1920\" \/>\n\t<meta property=\"og:image:type\" content=\"image\/jpeg\" \/>\n<meta name=\"twitter:card\" content=\"summary_large_image\" \/>\n<meta name=\"twitter:label1\" content=\"Dur\u00e9e de lecture estim\u00e9e\" \/>\n\t<meta name=\"twitter:data1\" content=\"3 minutes\" \/>\n<script type=\"application\/ld+json\" class=\"yoast-schema-graph\">{\"@context\":\"https:\/\/schema.org\",\"@graph\":[{\"@type\":\"WebPage\",\"@id\":\"https:\/\/aebmotors.aeb-developpement.com\/index.php\/produit\/mxe-250\/\",\"url\":\"https:\/\/aebmotors.aeb-developpement.com\/index.php\/produit\/mxe-250\/\",\"name\":\"MXE 250 - MXE 250\",\"isPartOf\":{\"@id\":\"https:\/\/aebmotors.aeb-developpement.com\/#website\"},\"primaryImageOfPage\":{\"@id\":\"https:\/\/aebmotors.aeb-developpement.com\/index.php\/produit\/mxe-250\/#primaryimage\"},\"image\":{\"@id\":\"https:\/\/aebmotors.aeb-developpement.com\/index.php\/produit\/mxe-250\/#primaryimage\"},\"thumbnailUrl\":\"https:\/\/i0.wp.com\/aebmotors.aeb-developpement.com\/wp-content\/uploads\/2022\/10\/IMG20221018102059-scaled.jpg?fit=2560%2C1920&ssl=1\",\"datePublished\":\"2022-10-05T21:22:02+00:00\",\"dateModified\":\"2025-01-26T21:19:09+00:00\",\"breadcrumb\":{\"@id\":\"https:\/\/aebmotors.aeb-developpement.com\/index.php\/produit\/mxe-250\/#breadcrumb\"},\"inLanguage\":\"fr-FR\",\"potentialAction\":[{\"@type\":\"ReadAction\",\"target\":[\"https:\/\/aebmotors.aeb-developpement.com\/index.php\/produit\/mxe-250\/\"]}]},{\"@type\":\"ImageObject\",\"inLanguage\":\"fr-FR\",\"@id\":\"https:\/\/aebmotors.aeb-developpement.com\/index.php\/produit\/mxe-250\/#primaryimage\",\"url\":\"https:\/\/i0.wp.com\/aebmotors.aeb-developpement.com\/wp-content\/uploads\/2022\/10\/IMG20221018102059-scaled.jpg?fit=2560%2C1920&ssl=1\",\"contentUrl\":\"https:\/\/i0.wp.com\/aebmotors.aeb-developpement.com\/wp-content\/uploads\/2022\/10\/IMG20221018102059-scaled.jpg?fit=2560%2C1920&ssl=1\",\"width\":2560,\"height\":1920},{\"@type\":\"BreadcrumbList\",\"@id\":\"https:\/\/aebmotors.aeb-developpement.com\/index.php\/produit\/mxe-250\/#breadcrumb\",\"itemListElement\":[{\"@type\":\"ListItem\",\"position\":1,\"name\":\"Accueil\",\"item\":\"https:\/\/aebmotors.aeb-developpement.com\/\"},{\"@type\":\"ListItem\",\"position\":2,\"name\":\"Pr\u00e9 commande MXE 250\",\"item\":\"https:\/\/aebmotors.aeb-developpement.com\/index.php\/privacy-policy-2\/\"},{\"@type\":\"ListItem\",\"position\":3,\"name\":\"MXE 250\"}]},{\"@type\":\"WebSite\",\"@id\":\"https:\/\/aebmotors.aeb-developpement.com\/#website\",\"url\":\"https:\/\/aebmotors.aeb-developpement.com\/\",\"name\":\"aeb moto\",\"description\":\"aeb moto\",\"publisher\":{\"@id\":\"https:\/\/aebmotors.aeb-developpement.com\/#organization\"},\"potentialAction\":[{\"@type\":\"SearchAction\",\"target\":{\"@type\":\"EntryPoint\",\"urlTemplate\":\"https:\/\/aebmotors.aeb-developpement.com\/?s={search_term_string}\"},\"query-input\":{\"@type\":\"PropertyValueSpecification\",\"valueRequired\":true,\"valueName\":\"search_term_string\"}}],\"inLanguage\":\"fr-FR\"},{\"@type\":\"Organization\",\"@id\":\"https:\/\/aebmotors.aeb-developpement.com\/#organization\",\"name\":\"aeb moto\",\"url\":\"https:\/\/aebmotors.aeb-developpement.com\/\",\"logo\":{\"@type\":\"ImageObject\",\"inLanguage\":\"fr-FR\",\"@id\":\"https:\/\/aebmotors.aeb-developpement.com\/#\/schema\/logo\/image\/\",\"url\":\"https:\/\/i0.wp.com\/aebmotors.aeb-developpement.com\/wp-content\/uploads\/2023\/01\/AEB-premium-quality-e1673735224363.png?fit=353%2C87&ssl=1\",\"contentUrl\":\"https:\/\/i0.wp.com\/aebmotors.aeb-developpement.com\/wp-content\/uploads\/2023\/01\/AEB-premium-quality-e1673735224363.png?fit=353%2C87&ssl=1\",\"width\":353,\"height\":87,\"caption\":\"aeb moto\"},\"image\":{\"@id\":\"https:\/\/aebmotors.aeb-developpement.com\/#\/schema\/logo\/image\/\"},\"sameAs\":[\"https:\/\/www.facebook.com\/aebdevelop\/\"]}]}<\/script>\n<!-- \/ Yoast SEO plugin. -->","yoast_head_json":{"title":"MXE 250 - MXE 250","robots":{"index":"index","follow":"follow","max-snippet":"max-snippet:-1","max-image-preview":"max-image-preview:large","max-video-preview":"max-video-preview:-1"},"canonical":"https:\/\/aebmotors.aeb-developpement.com\/index.php\/produit\/mxe-250\/","og_locale":"fr_FR","og_type":"article","og_title":"MXE 250 - MXE 250","og_description":"Le moteur 2 temps le plus abordable et le plus performant de sa cat\u00e9gorie ! Des performances simples et fiables. \u00c9quip\u00e9es d\u2019une boite \u00e0 six vitesses et d\u2019un d\u00e9marreur \u00e9lectrique .  Les ouvertures des valves d\u2019\u00e9chappement sont contr\u00f4l\u00e9es par le cdi pour une r\u00e9ponse optimale et une puissance sur toute la plage de r\u00e9gime.  aucune moto du march\u00e9 n\u2019offre ce niveau de qualit\u00e9 prix !","og_url":"https:\/\/aebmotors.aeb-developpement.com\/index.php\/produit\/mxe-250\/","og_site_name":"MXE 250","article_publisher":"https:\/\/www.facebook.com\/aebdevelop\/","article_modified_time":"2025-01-26T21:19:09+00:00","og_image":[{"width":2560,"height":1920,"url":"https:\/\/aebmotors.aeb-developpement.com\/wp-content\/uploads\/2022\/10\/IMG20221018102059-scaled.jpg","type":"image\/jpeg"}],"twitter_card":"summary_large_image","twitter_misc":{"Dur\u00e9e de lecture estim\u00e9e":"3 minutes"},"schema":{"@context":"https:\/\/schema.org","@graph":[{"@type":"WebPage","@id":"https:\/\/aebmotors.aeb-developpement.com\/index.php\/produit\/mxe-250\/","url":"https:\/\/aebmotors.aeb-developpement.com\/index.php\/produit\/mxe-250\/","name":"MXE 250 - MXE 250","isPartOf":{"@id":"https:\/\/aebmotors.aeb-developpement.com\/#website"},"primaryImageOfPage":{"@id":"https:\/\/aebmotors.aeb-developpement.com\/index.php\/produit\/mxe-250\/#primaryimage"},"image":{"@id":"https:\/\/aebmotors.aeb-developpement.com\/index.php\/produit\/mxe-250\/#primaryimage"},"thumbnailUrl":"https:\/\/i0.wp.com\/aebmotors.aeb-developpement.com\/wp-content\/uploads\/2022\/10\/IMG20221018102059-scaled.jpg?fit=2560%2C1920&ssl=1","datePublished":"2022-10-05T21:22:02+00:00","dateModified":"2025-01-26T21:19:09+00:00","breadcrumb":{"@id":"https:\/\/aebmotors.aeb-developpement.com\/index.php\/produit\/mxe-250\/#breadcrumb"},"inLanguage":"fr-FR","potentialAction":[{"@type":"ReadAction","target":["https:\/\/aebmotors.aeb-developpement.com\/index.php\/produit\/mxe-250\/"]}]},{"@type":"ImageObject","inLanguage":"fr-FR","@id":"https:\/\/aebmotors.aeb-developpement.com\/index.php\/produit\/mxe-250\/#primaryimage","url":"https:\/\/i0.wp.com\/aebmotors.aeb-developpement.com\/wp-content\/uploads\/2022\/10\/IMG20221018102059-scaled.jpg?fit=2560%2C1920&ssl=1","contentUrl":"https:\/\/i0.wp.com\/aebmotors.aeb-developpement.com\/wp-content\/uploads\/2022\/10\/IMG20221018102059-scaled.jpg?fit=2560%2C1920&ssl=1","width":2560,"height":1920},{"@type":"BreadcrumbList","@id":"https:\/\/aebmotors.aeb-developpement.com\/index.php\/produit\/mxe-250\/#breadcrumb","itemListElement":[{"@type":"ListItem","position":1,"name":"Accueil","item":"https:\/\/aebmotors.aeb-developpement.com\/"},{"@type":"ListItem","position":2,"name":"Pr\u00e9 commande MXE 250","item":"https:\/\/aebmotors.aeb-developpement.com\/index.php\/privacy-policy-2\/"},{"@type":"ListItem","position":3,"name":"MXE 250"}]},{"@type":"WebSite","@id":"https:\/\/aebmotors.aeb-developpement.com\/#website","url":"https:\/\/aebmotors.aeb-developpement.com\/","name":"aeb moto","description":"aeb moto","publisher":{"@id":"https:\/\/aebmotors.aeb-developpement.com\/#organization"},"potentialAction":[{"@type":"SearchAction","target":{"@type":"EntryPoint","urlTemplate":"https:\/\/aebmotors.aeb-developpement.com\/?s={search_term_string}"},"query-input":{"@type":"PropertyValueSpecification","valueRequired":true,"valueName":"search_term_string"}}],"inLanguage":"fr-FR"},{"@type":"Organization","@id":"https:\/\/aebmotors.aeb-developpement.com\/#organization","name":"aeb moto","url":"https:\/\/aebmotors.aeb-developpement.com\/","logo":{"@type":"ImageObject","inLanguage":"fr-FR","@id":"https:\/\/aebmotors.aeb-developpement.com\/#\/schema\/logo\/image\/","url":"https:\/\/i0.wp.com\/aebmotors.aeb-developpement.com\/wp-content\/uploads\/2023\/01\/AEB-premium-quality-e1673735224363.png?fit=353%2C87&ssl=1","contentUrl":"https:\/\/i0.wp.com\/aebmotors.aeb-developpement.com\/wp-content\/uploads\/2023\/01\/AEB-premium-quality-e1673735224363.png?fit=353%2C87&ssl=1","width":353,"height":87,"caption":"aeb moto"},"image":{"@id":"https:\/\/aebmotors.aeb-developpement.com\/#\/schema\/logo\/image\/"},"sameAs":["https:\/\/www.facebook.com\/aebdevelop\/"]}]}},"jetpack_sharing_enabled":true,"jetpack_likes_enabled":true,"jetpack-related-posts":[],"_links":{"self":[{"href":"https:\/\/aebmotors.aeb-developpement.com\/index.php\/wp-json\/wp\/v2\/product\/37","targetHints":{"allow":["GET"]}}],"collection":[{"href":"https:\/\/aebmotors.aeb-developpement.com\/index.php\/wp-json\/wp\/v2\/product"}],"about":[{"href":"https:\/\/aebmotors.aeb-developpement.com\/index.php\/wp-json\/wp\/v2\/types\/product"}],"replies":[{"embeddable":true,"href":"https:\/\/aebmotors.aeb-developpement.com\/index.php\/wp-json\/wp\/v2\/comments?post=37"}],"wp:featuredmedia":[{"embeddable":true,"href":"https:\/\/aebmotors.aeb-developpement.com\/index.php\/wp-json\/wp\/v2\/media\/863"}],"wp:attachment":[{"href":"https:\/\/aebmotors.aeb-developpement.com\/index.php\/wp-json\/wp\/v2\/media?parent=37"}],"wp:term":[{"taxonomy":"product_brand","embeddable":true,"href":"https:\/\/aebmotors.aeb-developpement.com\/index.php\/wp-json\/wp\/v2\/product_brand?post=37"},{"taxonomy":"product_cat","embeddable":true,"href":"https:\/\/aebmotors.aeb-developpement.com\/index.php\/wp-json\/wp\/v2\/product_cat?post=37"},{"taxonomy":"product_tag","embeddable":true,"href":"https:\/\/aebmotors.aeb-developpement.com\/index.php\/wp-json\/wp\/v2\/product_tag?post=37"}],"curies":[{"name":"wp","href":"https:\/\/api.w.org\/{rel}","templated":true}]}}